{"id":230,"date":"2023-04-25T15:22:10","date_gmt":"2023-04-25T18:22:10","guid":{"rendered":"http:\/\/pizzornowines.com\/?post_type=product&#038;p=14401"},"modified":"2025-06-28T12:39:46","modified_gmt":"2025-06-28T15:39:46","slug":"golden-pinot-noir","status":"publish","type":"product","link":"https:\/\/pizzornowines.com\/en\/product\/golden-pinot-noir\/","title":{"rendered":"GOLDEN RESERVE Pinot Noir"},"content":{"rendered":"<p>100% Pinot Noir proveniente del vi\u00f1edo Los Nogales. Realizamos una intensa reducci\u00f3n de kilos por hect\u00e1rea hasta obtener aproximadamente 1kg por planta. La selecci\u00f3n de racimos es esencial al momento de cosechar y de ingresar a bodega para lograr este reserva el cual realiza una crianza de 6 meses en roble franc\u00e9s.<\/p>\n<p>Pizzorno Golden Pinot Noir representa una nueva generaci\u00f3n de vinos m\u00e1s complejos, los cuales han conquistado el paladar estadounidense formando parte de importantes \u201c<em>steakhouse<\/em>\u201d en los principales estados del pa\u00eds norteamericano.<\/p>","protected":false},"excerpt":{"rendered":"<p>El Golden Pinot Noir forma parte de la exclusiva L\u00ednea Golden de Pizzorno Family Estates. Elaborado con uvas seleccionadas de parcelas especiales para expresar la delicadeza y complejidad propia de esta variedad.<\/p>\n<p>Fermentado en peque\u00f1as partidas y con crianza parcial en barricas de roble franc\u00e9s durante 6 meses, este vino destaca por su elegancia, estructura equilibrada y perfil arom\u00e1tico definido.<\/p>","protected":false},"featured_media":231,"comment_status":"closed","ping_status":"closed","template":"","meta":{"_acf_changed":false,"_joinchat":[]},"tipo-visita":[],"product_brand":[],"product_cat":[27],"product_tag":[],"class_list":{"0":"post-230","1":"product","2":"type-product","3":"status-publish","4":"has-post-thumbnail","6":"product_cat-golden-reserve","8":"first","9":"instock","10":"shipping-taxable","11":"product-type-simple"},"exclude_global_add_ons":[],"addons":[],"acf":[],"yoast_head":"<!-- This site is optimized with the Yoast SEO plugin v27.4 - https:\/\/yoast.com\/product\/yoast-seo-wordpress\/ -->\n<title>GOLDEN RESERVE Pinot Noir - Pizzorno Family Estates<\/title>\n<meta name=\"robots\" content=\"noindex, follow, max-snippet:-1, max-image-preview:large, max-video-preview:-1\" \/>\n<meta property=\"og:locale\" content=\"en_US\" \/>\n<meta property=\"og:type\" content=\"article\" \/>\n<meta property=\"og:title\" content=\"GOLDEN RESERVE Pinot Noir - Pizzorno Family Estates\" \/>\n<meta property=\"og:description\" content=\"El Golden Pinot Noir forma parte de la exclusiva L\u00ednea Golden de Pizzorno Family Estates. Elaborado con uvas seleccionadas de parcelas especiales para expresar la delicadeza y complejidad propia de esta variedad.  Fermentado en peque\u00f1as partidas y con crianza parcial en barricas de roble franc\u00e9s durante 6 meses, este vino destaca por su elegancia, estructura equilibrada y perfil arom\u00e1tico definido.\" \/>\n<meta property=\"og:url\" content=\"https:\/\/pizzornowines.com\/en\/product\/golden-pinot-noir\/\" \/>\n<meta property=\"og:site_name\" content=\"Pizzorno Family Estates\" \/>\n<meta property=\"article:publisher\" content=\"https:\/\/www.facebook.com\/pizzorno.family.estates\" \/>\n<meta property=\"article:modified_time\" content=\"2025-06-28T15:39:46+00:00\" \/>\n<meta property=\"og:image\" content=\"https:\/\/pizzornowines.com\/wp-content\/uploads\/2023\/04\/Golden-Reserve-Pinot-Noir.jpg\" \/>\n\t<meta property=\"og:image:width\" content=\"236\" \/>\n\t<meta property=\"og:image:height\" content=\"780\" \/>\n\t<meta property=\"og:image:type\" content=\"image\/jpeg\" \/>\n<meta name=\"twitter:card\" content=\"summary_large_image\" \/>\n<script type=\"application\/ld+json\" class=\"yoast-schema-graph\">{\"@context\":\"https:\\\/\\\/schema.org\",\"@graph\":[{\"@type\":\"WebPage\",\"@id\":\"https:\\\/\\\/pizzornowines.com\\\/product\\\/golden-pinot-noir\\\/\",\"url\":\"https:\\\/\\\/pizzornowines.com\\\/product\\\/golden-pinot-noir\\\/\",\"name\":\"GOLDEN RESERVE Pinot Noir - Pizzorno Family Estates\",\"isPartOf\":{\"@id\":\"https:\\\/\\\/pizzornowines.com\\\/#website\"},\"primaryImageOfPage\":{\"@id\":\"https:\\\/\\\/pizzornowines.com\\\/product\\\/golden-pinot-noir\\\/#primaryimage\"},\"image\":{\"@id\":\"https:\\\/\\\/pizzornowines.com\\\/product\\\/golden-pinot-noir\\\/#primaryimage\"},\"thumbnailUrl\":\"https:\\\/\\\/pizzornowines.com\\\/wp-content\\\/uploads\\\/2023\\\/04\\\/Golden-Reserve-Pinot-Noir.jpg\",\"datePublished\":\"2023-04-25T18:22:10+00:00\",\"dateModified\":\"2025-06-28T15:39:46+00:00\",\"breadcrumb\":{\"@id\":\"https:\\\/\\\/pizzornowines.com\\\/product\\\/golden-pinot-noir\\\/#breadcrumb\"},\"inLanguage\":\"en-US\",\"potentialAction\":[{\"@type\":\"ReadAction\",\"target\":[\"https:\\\/\\\/pizzornowines.com\\\/product\\\/golden-pinot-noir\\\/\"]}]},{\"@type\":\"ImageObject\",\"inLanguage\":\"en-US\",\"@id\":\"https:\\\/\\\/pizzornowines.com\\\/product\\\/golden-pinot-noir\\\/#primaryimage\",\"url\":\"https:\\\/\\\/pizzornowines.com\\\/wp-content\\\/uploads\\\/2023\\\/04\\\/Golden-Reserve-Pinot-Noir.jpg\",\"contentUrl\":\"https:\\\/\\\/pizzornowines.com\\\/wp-content\\\/uploads\\\/2023\\\/04\\\/Golden-Reserve-Pinot-Noir.jpg\",\"width\":236,\"height\":780},{\"@type\":\"BreadcrumbList\",\"@id\":\"https:\\\/\\\/pizzornowines.com\\\/product\\\/golden-pinot-noir\\\/#breadcrumb\",\"itemListElement\":[{\"@type\":\"ListItem\",\"position\":1,\"name\":\"Home\",\"item\":\"https:\\\/\\\/pizzornowines.com\\\/\"},{\"@type\":\"ListItem\",\"position\":2,\"name\":\"Shop\",\"item\":\"https:\\\/\\\/pizzornowines.com\\\/?page_id=96\"},{\"@type\":\"ListItem\",\"position\":3,\"name\":\"GOLDEN RESERVE Pinot Noir\"}]},{\"@type\":\"WebSite\",\"@id\":\"https:\\\/\\\/pizzornowines.com\\\/#website\",\"url\":\"https:\\\/\\\/pizzornowines.com\\\/\",\"name\":\"Pizzorno Family Estates\",\"description\":\"Pasi\u00f3n por la tierra y el vino\",\"publisher\":{\"@id\":\"https:\\\/\\\/pizzornowines.com\\\/#organization\"},\"potentialAction\":[{\"@type\":\"SearchAction\",\"target\":{\"@type\":\"EntryPoint\",\"urlTemplate\":\"https:\\\/\\\/pizzornowines.com\\\/?s={search_term_string}\"},\"query-input\":{\"@type\":\"PropertyValueSpecification\",\"valueRequired\":true,\"valueName\":\"search_term_string\"}}],\"inLanguage\":\"en-US\"},{\"@type\":\"Organization\",\"@id\":\"https:\\\/\\\/pizzornowines.com\\\/#organization\",\"name\":\"Pizzorno Family Estates\",\"url\":\"https:\\\/\\\/pizzornowines.com\\\/\",\"logo\":{\"@type\":\"ImageObject\",\"inLanguage\":\"en-US\",\"@id\":\"https:\\\/\\\/pizzornowines.com\\\/#\\\/schema\\\/logo\\\/image\\\/\",\"url\":\"https:\\\/\\\/pizzornowines.com\\\/wp-content\\\/uploads\\\/Pizzorno-Family-Estate-logo.svg\",\"contentUrl\":\"https:\\\/\\\/pizzornowines.com\\\/wp-content\\\/uploads\\\/Pizzorno-Family-Estate-logo.svg\",\"width\":422,\"height\":283,\"caption\":\"Pizzorno Family Estates\"},\"image\":{\"@id\":\"https:\\\/\\\/pizzornowines.com\\\/#\\\/schema\\\/logo\\\/image\\\/\"},\"sameAs\":[\"https:\\\/\\\/www.facebook.com\\\/pizzorno.family.estates\"]}]}<\/script>\n<!-- \/ Yoast SEO plugin. -->","yoast_head_json":{"title":"GOLDEN RESERVE Pinot Noir - Pizzorno Family Estates","robots":{"index":"noindex","follow":"follow","max-snippet":"max-snippet:-1","max-image-preview":"max-image-preview:large","max-video-preview":"max-video-preview:-1"},"og_locale":"en_US","og_type":"article","og_title":"GOLDEN RESERVE Pinot Noir - Pizzorno Family Estates","og_description":"El Golden Pinot Noir forma parte de la exclusiva L\u00ednea Golden de Pizzorno Family Estates. Elaborado con uvas seleccionadas de parcelas especiales para expresar la delicadeza y complejidad propia de esta variedad.  Fermentado en peque\u00f1as partidas y con crianza parcial en barricas de roble franc\u00e9s durante 6 meses, este vino destaca por su elegancia, estructura equilibrada y perfil arom\u00e1tico definido.","og_url":"https:\/\/pizzornowines.com\/en\/product\/golden-pinot-noir\/","og_site_name":"Pizzorno Family Estates","article_publisher":"https:\/\/www.facebook.com\/pizzorno.family.estates","article_modified_time":"2025-06-28T15:39:46+00:00","og_image":[{"width":236,"height":780,"url":"https:\/\/pizzornowines.com\/wp-content\/uploads\/2023\/04\/Golden-Reserve-Pinot-Noir.jpg","type":"image\/jpeg"}],"twitter_card":"summary_large_image","schema":{"@context":"https:\/\/schema.org","@graph":[{"@type":"WebPage","@id":"https:\/\/pizzornowines.com\/product\/golden-pinot-noir\/","url":"https:\/\/pizzornowines.com\/product\/golden-pinot-noir\/","name":"GOLDEN RESERVE Pinot Noir - Pizzorno Family Estates","isPartOf":{"@id":"https:\/\/pizzornowines.com\/#website"},"primaryImageOfPage":{"@id":"https:\/\/pizzornowines.com\/product\/golden-pinot-noir\/#primaryimage"},"image":{"@id":"https:\/\/pizzornowines.com\/product\/golden-pinot-noir\/#primaryimage"},"thumbnailUrl":"https:\/\/pizzornowines.com\/wp-content\/uploads\/2023\/04\/Golden-Reserve-Pinot-Noir.jpg","datePublished":"2023-04-25T18:22:10+00:00","dateModified":"2025-06-28T15:39:46+00:00","breadcrumb":{"@id":"https:\/\/pizzornowines.com\/product\/golden-pinot-noir\/#breadcrumb"},"inLanguage":"en-US","potentialAction":[{"@type":"ReadAction","target":["https:\/\/pizzornowines.com\/product\/golden-pinot-noir\/"]}]},{"@type":"ImageObject","inLanguage":"en-US","@id":"https:\/\/pizzornowines.com\/product\/golden-pinot-noir\/#primaryimage","url":"https:\/\/pizzornowines.com\/wp-content\/uploads\/2023\/04\/Golden-Reserve-Pinot-Noir.jpg","contentUrl":"https:\/\/pizzornowines.com\/wp-content\/uploads\/2023\/04\/Golden-Reserve-Pinot-Noir.jpg","width":236,"height":780},{"@type":"BreadcrumbList","@id":"https:\/\/pizzornowines.com\/product\/golden-pinot-noir\/#breadcrumb","itemListElement":[{"@type":"ListItem","position":1,"name":"Home","item":"https:\/\/pizzornowines.com\/"},{"@type":"ListItem","position":2,"name":"Shop","item":"https:\/\/pizzornowines.com\/?page_id=96"},{"@type":"ListItem","position":3,"name":"GOLDEN RESERVE Pinot Noir"}]},{"@type":"WebSite","@id":"https:\/\/pizzornowines.com\/#website","url":"https:\/\/pizzornowines.com\/","name":"Pizzorno Family Estates","description":"Pasi\u00f3n por la tierra y el vino","publisher":{"@id":"https:\/\/pizzornowines.com\/#organization"},"potentialAction":[{"@type":"SearchAction","target":{"@type":"EntryPoint","urlTemplate":"https:\/\/pizzornowines.com\/?s={search_term_string}"},"query-input":{"@type":"PropertyValueSpecification","valueRequired":true,"valueName":"search_term_string"}}],"inLanguage":"en-US"},{"@type":"Organization","@id":"https:\/\/pizzornowines.com\/#organization","name":"Pizzorno Family Estates","url":"https:\/\/pizzornowines.com\/","logo":{"@type":"ImageObject","inLanguage":"en-US","@id":"https:\/\/pizzornowines.com\/#\/schema\/logo\/image\/","url":"https:\/\/pizzornowines.com\/wp-content\/uploads\/Pizzorno-Family-Estate-logo.svg","contentUrl":"https:\/\/pizzornowines.com\/wp-content\/uploads\/Pizzorno-Family-Estate-logo.svg","width":422,"height":283,"caption":"Pizzorno Family Estates"},"image":{"@id":"https:\/\/pizzornowines.com\/#\/schema\/logo\/image\/"},"sameAs":["https:\/\/www.facebook.com\/pizzorno.family.estates"]}]}},"_links":{"self":[{"href":"https:\/\/pizzornowines.com\/en\/wp-json\/wp\/v2\/product\/230","targetHints":{"allow":["GET"]}}],"collection":[{"href":"https:\/\/pizzornowines.com\/en\/wp-json\/wp\/v2\/product"}],"about":[{"href":"https:\/\/pizzornowines.com\/en\/wp-json\/wp\/v2\/types\/product"}],"replies":[{"embeddable":true,"href":"https:\/\/pizzornowines.com\/en\/wp-json\/wp\/v2\/comments?post=230"}],"version-history":[{"count":2,"href":"https:\/\/pizzornowines.com\/en\/wp-json\/wp\/v2\/product\/230\/revisions"}],"predecessor-version":[{"id":2696,"href":"https:\/\/pizzornowines.com\/en\/wp-json\/wp\/v2\/product\/230\/revisions\/2696"}],"wp:featuredmedia":[{"embeddable":true,"href":"https:\/\/pizzornowines.com\/en\/wp-json\/wp\/v2\/media\/231"}],"wp:attachment":[{"href":"https:\/\/pizzornowines.com\/en\/wp-json\/wp\/v2\/media?parent=230"}],"wp:term":[{"taxonomy":"tipo-visita","embeddable":true,"href":"https:\/\/pizzornowines.com\/en\/wp-json\/wp\/v2\/tipo-visita?post=230"},{"taxonomy":"product_brand","embeddable":true,"href":"https:\/\/pizzornowines.com\/en\/wp-json\/wp\/v2\/product_brand?post=230"},{"taxonomy":"product_cat","embeddable":true,"href":"https:\/\/pizzornowines.com\/en\/wp-json\/wp\/v2\/product_cat?post=230"},{"taxonomy":"product_tag","embeddable":true,"href":"https:\/\/pizzornowines.com\/en\/wp-json\/wp\/v2\/product_tag?post=230"}],"curies":[{"name":"wp","href":"https:\/\/api.w.org\/{rel}","templated":true}]}}