{"id":224,"date":"2023-07-05T20:11:56","date_gmt":"2023-07-05T23:11:56","guid":{"rendered":"http:\/\/pizzornowines.com\/producto\/10-0000-tannat-reserva\/"},"modified":"2025-06-29T12:13:48","modified_gmt":"2025-06-29T15:13:48","slug":"10-0000-tannat-reserva","status":"publish","type":"product","link":"https:\/\/pizzornowines.com\/en\/product\/10-0000-tannat-reserva\/","title":{"rendered":"10.000 M &#8211; Reserva Tannat"},"content":{"rendered":"<p>Tannat, variedad emblema de Uruguay que nos representa internacionalmente con una perfecta adaptaci\u00f3n al clima y al suelo de nuestra regi\u00f3n: Canel\u00f3n Chico, Canelones (Sur de Uruguay). La uva Tannat tiene excelente propiedades en beneficio de la salud gracias a su alta concetracion de polifenoles. (2,5 veces m\u00e1s que Carbernet Sauvignon).<\/p>","protected":false},"excerpt":{"rendered":"<p>10.000 Millas es una l\u00ednea que nace del viaje, del cruce de culturas y del coraz\u00f3n de una historia de inmigrantes. Son las millas que separan Italia de Uruguay, y Uruguay de Texas. Pero m\u00e1s all\u00e1 de la distancia, son las que unen or\u00edgenes, sue\u00f1os y ra\u00edces.<br \/>\nInspirada en Gianfranco Percovich, uruguayo radicado en Texas y creador de esta marca, 10.000 Millas es el puente entre su historia personal y el legado de la familia Pizzorno. Una invitaci\u00f3n a recorrer el camino de quienes dejaron su tierra para sembrar una nueva, llevando consigo tradici\u00f3n, esfuerzo y visi\u00f3n.<br \/>\nCada botella es una traves\u00eda embotellada, una celebraci\u00f3n del viaje y del encuentro entre mundos.\t\t\t<\/p>","protected":false},"featured_media":225,"comment_status":"closed","ping_status":"closed","template":"","meta":{"_acf_changed":false,"_joinchat":[]},"tipo-visita":[],"product_brand":[],"product_cat":[30],"product_tag":[],"class_list":{"0":"post-224","1":"product","2":"type-product","3":"status-publish","4":"has-post-thumbnail","6":"product_cat-10-000-millas","8":"first","9":"instock","10":"shipping-taxable","11":"product-type-simple"},"exclude_global_add_ons":[],"addons":[],"acf":[],"yoast_head":"<!-- This site is optimized with the Yoast SEO plugin v27.3 - https:\/\/yoast.com\/product\/yoast-seo-wordpress\/ -->\n<title>10.000 M - Reserva Tannat - Pizzorno Family Estates<\/title>\n<meta name=\"robots\" content=\"noindex, follow, max-snippet:-1, max-image-preview:large, max-video-preview:-1\" \/>\n<meta property=\"og:locale\" content=\"en_US\" \/>\n<meta property=\"og:type\" content=\"article\" \/>\n<meta property=\"og:title\" content=\"10.000 M - Reserva Tannat - Pizzorno Family Estates\" \/>\n<meta property=\"og:description\" content=\"10.000 Millas es una l\u00ednea que nace del viaje, del cruce de culturas y del coraz\u00f3n de una historia de inmigrantes. Son las millas que separan Italia de Uruguay, y Uruguay de Texas. Pero m\u00e1s all\u00e1 de la distancia, son las que unen or\u00edgenes, sue\u00f1os y ra\u00edces.   Inspirada en Gianfranco Percovich, uruguayo radicado en Texas y creador de esta marca, 10.000 Millas es el puente entre su historia personal y el legado de la familia Pizzorno. Una invitaci\u00f3n a recorrer el camino de quienes dejaron su tierra para sembrar una nueva, llevando consigo tradici\u00f3n, esfuerzo y visi\u00f3n.   Cada botella es una traves\u00eda embotellada, una celebraci\u00f3n del viaje y del encuentro entre mundos.\" \/>\n<meta property=\"og:url\" content=\"https:\/\/pizzornowines.com\/en\/product\/10-0000-tannat-reserva\/\" \/>\n<meta property=\"og:site_name\" content=\"Pizzorno Family Estates\" \/>\n<meta property=\"article:publisher\" content=\"https:\/\/www.facebook.com\/pizzorno.family.estates\" \/>\n<meta property=\"article:modified_time\" content=\"2025-06-29T15:13:48+00:00\" \/>\n<meta property=\"og:image\" content=\"https:\/\/pizzornowines.com\/wp-content\/uploads\/2024\/12\/10000-paraweb.tannat.jpg\" \/>\n\t<meta property=\"og:image:width\" content=\"250\" \/>\n\t<meta property=\"og:image:height\" content=\"789\" \/>\n\t<meta property=\"og:image:type\" content=\"image\/jpeg\" \/>\n<meta name=\"twitter:card\" content=\"summary_large_image\" \/>\n<script type=\"application\/ld+json\" class=\"yoast-schema-graph\">{\"@context\":\"https:\\\/\\\/schema.org\",\"@graph\":[{\"@type\":\"WebPage\",\"@id\":\"https:\\\/\\\/pizzornowines.com\\\/product\\\/10-0000-tannat-reserva\\\/\",\"url\":\"https:\\\/\\\/pizzornowines.com\\\/product\\\/10-0000-tannat-reserva\\\/\",\"name\":\"10.000 M - Reserva Tannat - Pizzorno Family Estates\",\"isPartOf\":{\"@id\":\"https:\\\/\\\/pizzornowines.com\\\/#website\"},\"primaryImageOfPage\":{\"@id\":\"https:\\\/\\\/pizzornowines.com\\\/product\\\/10-0000-tannat-reserva\\\/#primaryimage\"},\"image\":{\"@id\":\"https:\\\/\\\/pizzornowines.com\\\/product\\\/10-0000-tannat-reserva\\\/#primaryimage\"},\"thumbnailUrl\":\"https:\\\/\\\/pizzornowines.com\\\/wp-content\\\/uploads\\\/2024\\\/12\\\/10000-paraweb.tannat.jpg\",\"datePublished\":\"2023-07-05T23:11:56+00:00\",\"dateModified\":\"2025-06-29T15:13:48+00:00\",\"breadcrumb\":{\"@id\":\"https:\\\/\\\/pizzornowines.com\\\/product\\\/10-0000-tannat-reserva\\\/#breadcrumb\"},\"inLanguage\":\"en-US\",\"potentialAction\":[{\"@type\":\"ReadAction\",\"target\":[\"https:\\\/\\\/pizzornowines.com\\\/product\\\/10-0000-tannat-reserva\\\/\"]}]},{\"@type\":\"ImageObject\",\"inLanguage\":\"en-US\",\"@id\":\"https:\\\/\\\/pizzornowines.com\\\/product\\\/10-0000-tannat-reserva\\\/#primaryimage\",\"url\":\"https:\\\/\\\/pizzornowines.com\\\/wp-content\\\/uploads\\\/2024\\\/12\\\/10000-paraweb.tannat.jpg\",\"contentUrl\":\"https:\\\/\\\/pizzornowines.com\\\/wp-content\\\/uploads\\\/2024\\\/12\\\/10000-paraweb.tannat.jpg\",\"width\":250,\"height\":789},{\"@type\":\"BreadcrumbList\",\"@id\":\"https:\\\/\\\/pizzornowines.com\\\/product\\\/10-0000-tannat-reserva\\\/#breadcrumb\",\"itemListElement\":[{\"@type\":\"ListItem\",\"position\":1,\"name\":\"Home\",\"item\":\"https:\\\/\\\/pizzornowines.com\\\/\"},{\"@type\":\"ListItem\",\"position\":2,\"name\":\"Shop\",\"item\":\"https:\\\/\\\/pizzornowines.com\\\/shop\\\/\"},{\"@type\":\"ListItem\",\"position\":3,\"name\":\"10.000 M &#8211; Reserva Tannat\"}]},{\"@type\":\"WebSite\",\"@id\":\"https:\\\/\\\/pizzornowines.com\\\/#website\",\"url\":\"https:\\\/\\\/pizzornowines.com\\\/\",\"name\":\"Pizzorno Family Estates\",\"description\":\"Pasi\u00f3n por la tierra y el vino\",\"publisher\":{\"@id\":\"https:\\\/\\\/pizzornowines.com\\\/#organization\"},\"potentialAction\":[{\"@type\":\"SearchAction\",\"target\":{\"@type\":\"EntryPoint\",\"urlTemplate\":\"https:\\\/\\\/pizzornowines.com\\\/?s={search_term_string}\"},\"query-input\":{\"@type\":\"PropertyValueSpecification\",\"valueRequired\":true,\"valueName\":\"search_term_string\"}}],\"inLanguage\":\"en-US\"},{\"@type\":\"Organization\",\"@id\":\"https:\\\/\\\/pizzornowines.com\\\/#organization\",\"name\":\"Pizzorno Family Estates\",\"url\":\"https:\\\/\\\/pizzornowines.com\\\/\",\"logo\":{\"@type\":\"ImageObject\",\"inLanguage\":\"en-US\",\"@id\":\"https:\\\/\\\/pizzornowines.com\\\/#\\\/schema\\\/logo\\\/image\\\/\",\"url\":\"https:\\\/\\\/pizzornowines.com\\\/wp-content\\\/uploads\\\/Pizzorno-Family-Estate-logo.svg\",\"contentUrl\":\"https:\\\/\\\/pizzornowines.com\\\/wp-content\\\/uploads\\\/Pizzorno-Family-Estate-logo.svg\",\"width\":422,\"height\":283,\"caption\":\"Pizzorno Family Estates\"},\"image\":{\"@id\":\"https:\\\/\\\/pizzornowines.com\\\/#\\\/schema\\\/logo\\\/image\\\/\"},\"sameAs\":[\"https:\\\/\\\/www.facebook.com\\\/pizzorno.family.estates\"]}]}<\/script>\n<!-- \/ Yoast SEO plugin. -->","yoast_head_json":{"title":"10.000 M - Reserva Tannat - Pizzorno Family Estates","robots":{"index":"noindex","follow":"follow","max-snippet":"max-snippet:-1","max-image-preview":"max-image-preview:large","max-video-preview":"max-video-preview:-1"},"og_locale":"en_US","og_type":"article","og_title":"10.000 M - Reserva Tannat - Pizzorno Family Estates","og_description":"10.000 Millas es una l\u00ednea que nace del viaje, del cruce de culturas y del coraz\u00f3n de una historia de inmigrantes. Son las millas que separan Italia de Uruguay, y Uruguay de Texas. Pero m\u00e1s all\u00e1 de la distancia, son las que unen or\u00edgenes, sue\u00f1os y ra\u00edces.   Inspirada en Gianfranco Percovich, uruguayo radicado en Texas y creador de esta marca, 10.000 Millas es el puente entre su historia personal y el legado de la familia Pizzorno. Una invitaci\u00f3n a recorrer el camino de quienes dejaron su tierra para sembrar una nueva, llevando consigo tradici\u00f3n, esfuerzo y visi\u00f3n.   Cada botella es una traves\u00eda embotellada, una celebraci\u00f3n del viaje y del encuentro entre mundos.","og_url":"https:\/\/pizzornowines.com\/en\/product\/10-0000-tannat-reserva\/","og_site_name":"Pizzorno Family Estates","article_publisher":"https:\/\/www.facebook.com\/pizzorno.family.estates","article_modified_time":"2025-06-29T15:13:48+00:00","og_image":[{"width":250,"height":789,"url":"https:\/\/pizzornowines.com\/wp-content\/uploads\/2024\/12\/10000-paraweb.tannat.jpg","type":"image\/jpeg"}],"twitter_card":"summary_large_image","schema":{"@context":"https:\/\/schema.org","@graph":[{"@type":"WebPage","@id":"https:\/\/pizzornowines.com\/product\/10-0000-tannat-reserva\/","url":"https:\/\/pizzornowines.com\/product\/10-0000-tannat-reserva\/","name":"10.000 M - Reserva Tannat - Pizzorno Family Estates","isPartOf":{"@id":"https:\/\/pizzornowines.com\/#website"},"primaryImageOfPage":{"@id":"https:\/\/pizzornowines.com\/product\/10-0000-tannat-reserva\/#primaryimage"},"image":{"@id":"https:\/\/pizzornowines.com\/product\/10-0000-tannat-reserva\/#primaryimage"},"thumbnailUrl":"https:\/\/pizzornowines.com\/wp-content\/uploads\/2024\/12\/10000-paraweb.tannat.jpg","datePublished":"2023-07-05T23:11:56+00:00","dateModified":"2025-06-29T15:13:48+00:00","breadcrumb":{"@id":"https:\/\/pizzornowines.com\/product\/10-0000-tannat-reserva\/#breadcrumb"},"inLanguage":"en-US","potentialAction":[{"@type":"ReadAction","target":["https:\/\/pizzornowines.com\/product\/10-0000-tannat-reserva\/"]}]},{"@type":"ImageObject","inLanguage":"en-US","@id":"https:\/\/pizzornowines.com\/product\/10-0000-tannat-reserva\/#primaryimage","url":"https:\/\/pizzornowines.com\/wp-content\/uploads\/2024\/12\/10000-paraweb.tannat.jpg","contentUrl":"https:\/\/pizzornowines.com\/wp-content\/uploads\/2024\/12\/10000-paraweb.tannat.jpg","width":250,"height":789},{"@type":"BreadcrumbList","@id":"https:\/\/pizzornowines.com\/product\/10-0000-tannat-reserva\/#breadcrumb","itemListElement":[{"@type":"ListItem","position":1,"name":"Home","item":"https:\/\/pizzornowines.com\/"},{"@type":"ListItem","position":2,"name":"Shop","item":"https:\/\/pizzornowines.com\/shop\/"},{"@type":"ListItem","position":3,"name":"10.000 M &#8211; Reserva Tannat"}]},{"@type":"WebSite","@id":"https:\/\/pizzornowines.com\/#website","url":"https:\/\/pizzornowines.com\/","name":"Pizzorno Family Estates","description":"Pasi\u00f3n por la tierra y el vino","publisher":{"@id":"https:\/\/pizzornowines.com\/#organization"},"potentialAction":[{"@type":"SearchAction","target":{"@type":"EntryPoint","urlTemplate":"https:\/\/pizzornowines.com\/?s={search_term_string}"},"query-input":{"@type":"PropertyValueSpecification","valueRequired":true,"valueName":"search_term_string"}}],"inLanguage":"en-US"},{"@type":"Organization","@id":"https:\/\/pizzornowines.com\/#organization","name":"Pizzorno Family Estates","url":"https:\/\/pizzornowines.com\/","logo":{"@type":"ImageObject","inLanguage":"en-US","@id":"https:\/\/pizzornowines.com\/#\/schema\/logo\/image\/","url":"https:\/\/pizzornowines.com\/wp-content\/uploads\/Pizzorno-Family-Estate-logo.svg","contentUrl":"https:\/\/pizzornowines.com\/wp-content\/uploads\/Pizzorno-Family-Estate-logo.svg","width":422,"height":283,"caption":"Pizzorno Family Estates"},"image":{"@id":"https:\/\/pizzornowines.com\/#\/schema\/logo\/image\/"},"sameAs":["https:\/\/www.facebook.com\/pizzorno.family.estates"]}]}},"_links":{"self":[{"href":"https:\/\/pizzornowines.com\/en\/wp-json\/wp\/v2\/product\/224","targetHints":{"allow":["GET"]}}],"collection":[{"href":"https:\/\/pizzornowines.com\/en\/wp-json\/wp\/v2\/product"}],"about":[{"href":"https:\/\/pizzornowines.com\/en\/wp-json\/wp\/v2\/types\/product"}],"replies":[{"embeddable":true,"href":"https:\/\/pizzornowines.com\/en\/wp-json\/wp\/v2\/comments?post=224"}],"version-history":[{"count":3,"href":"https:\/\/pizzornowines.com\/en\/wp-json\/wp\/v2\/product\/224\/revisions"}],"predecessor-version":[{"id":2729,"href":"https:\/\/pizzornowines.com\/en\/wp-json\/wp\/v2\/product\/224\/revisions\/2729"}],"wp:featuredmedia":[{"embeddable":true,"href":"https:\/\/pizzornowines.com\/en\/wp-json\/wp\/v2\/media\/225"}],"wp:attachment":[{"href":"https:\/\/pizzornowines.com\/en\/wp-json\/wp\/v2\/media?parent=224"}],"wp:term":[{"taxonomy":"tipo-visita","embeddable":true,"href":"https:\/\/pizzornowines.com\/en\/wp-json\/wp\/v2\/tipo-visita?post=224"},{"taxonomy":"product_brand","embeddable":true,"href":"https:\/\/pizzornowines.com\/en\/wp-json\/wp\/v2\/product_brand?post=224"},{"taxonomy":"product_cat","embeddable":true,"href":"https:\/\/pizzornowines.com\/en\/wp-json\/wp\/v2\/product_cat?post=224"},{"taxonomy":"product_tag","embeddable":true,"href":"https:\/\/pizzornowines.com\/en\/wp-json\/wp\/v2\/product_tag?post=224"}],"curies":[{"name":"wp","href":"https:\/\/api.w.org\/{rel}","templated":true}]}}