{"id":221,"date":"2023-07-06T13:26:11","date_gmt":"2023-07-06T16:26:11","guid":{"rendered":"http:\/\/pizzornowines.com\/producto\/lina-almacen-cabernet-franc\/"},"modified":"2023-07-06T13:26:11","modified_gmt":"2023-07-06T16:26:11","slug":"lina-almacen-cabernet-franc","status":"publish","type":"product","link":"https:\/\/pizzornowines.com\/en\/product\/lina-almacen-cabernet-franc\/","title":{"rendered":"L\u00ednea Almac\u00e9n &#8211; Cabernet Franc"},"content":{"rendered":"<p>L\u00edneas exclusivas de nuestro almac\u00e9n &#8211; boutique.<\/p>\n<p>Partidas limitadas de vinos seleccionados para consumidores curiosos por conocer la esencia de nuestra bodega por intermedio de un proyecto liderado por la en\u00f3loga m\u00e1s j\u00f3ven de la bodega.<\/p>\n<p>Valentina Palleiro<\/p>\n<p>Una variedad que se destaca por su versatilidad, y que ha tenido una excelente adaptaci\u00f3n al terroair uruguayo capaz de obtener vinos con grandes variaciones de aromas y sabores.<\/p>","protected":false},"excerpt":{"rendered":"<p>L\u00edneas exclusivas de nuestro almac\u00e9n &#8211; boutique. Partidas limitadas de vinos seleccionados para consumidores curiosos por conocer la esencia de nuestra bodega por intermedio de un proyecto liderado por la en\u00f3loga m\u00e1s j\u00f3ven de la bodega. Valentina Palleiro Una variedad que se destaca por su versatilidad, y que ha tenido una excelente adaptaci\u00f3n al terroair [&hellip;]<\/p>\n","protected":false},"featured_media":222,"comment_status":"closed","ping_status":"closed","template":"","meta":{"_acf_changed":false,"_joinchat":[]},"tipo-visita":[],"product_brand":[],"product_cat":[25],"product_tag":[],"class_list":{"0":"post-221","1":"product","2":"type-product","3":"status-publish","4":"has-post-thumbnail","6":"product_cat-almacen","8":"first","9":"instock","10":"shipping-taxable","11":"product-type-simple"},"exclude_global_add_ons":[],"addons":[],"acf":[],"yoast_head":"<!-- This site is optimized with the Yoast SEO plugin v27.4 - https:\/\/yoast.com\/product\/yoast-seo-wordpress\/ -->\n<title>L\u00ednea Almac\u00e9n - Cabernet Franc - Pizzorno Family Estates<\/title>\n<meta name=\"robots\" content=\"noindex, follow, max-snippet:-1, max-image-preview:large, max-video-preview:-1\" \/>\n<meta property=\"og:locale\" content=\"en_US\" \/>\n<meta property=\"og:type\" content=\"article\" \/>\n<meta property=\"og:title\" content=\"L\u00ednea Almac\u00e9n - Cabernet Franc - Pizzorno Family Estates\" \/>\n<meta property=\"og:description\" content=\"L\u00edneas exclusivas de nuestro almac\u00e9n &#8211; boutique. Partidas limitadas de vinos seleccionados para consumidores curiosos por conocer la esencia de nuestra bodega por intermedio de un proyecto liderado por la en\u00f3loga m\u00e1s j\u00f3ven de la bodega. Valentina Palleiro Una variedad que se destaca por su versatilidad, y que ha tenido una excelente adaptaci\u00f3n al terroair [&hellip;]\" \/>\n<meta property=\"og:url\" content=\"https:\/\/pizzornowines.com\/en\/product\/lina-almacen-cabernet-franc\/\" \/>\n<meta property=\"og:site_name\" content=\"Pizzorno Family Estates\" \/>\n<meta property=\"article:publisher\" content=\"https:\/\/www.facebook.com\/pizzorno.family.estates\" \/>\n<meta property=\"og:image\" content=\"https:\/\/pizzornowines.com\/wp-content\/uploads\/2024\/12\/Cabernet-Franc-copia-1.png\" \/>\n\t<meta property=\"og:image:width\" content=\"2176\" \/>\n\t<meta property=\"og:image:height\" content=\"5482\" \/>\n\t<meta property=\"og:image:type\" content=\"image\/png\" \/>\n<meta name=\"twitter:card\" content=\"summary_large_image\" \/>\n<script type=\"application\/ld+json\" class=\"yoast-schema-graph\">{\"@context\":\"https:\\\/\\\/schema.org\",\"@graph\":[{\"@type\":\"WebPage\",\"@id\":\"https:\\\/\\\/pizzornowines.com\\\/product\\\/lina-almacen-cabernet-franc\\\/\",\"url\":\"https:\\\/\\\/pizzornowines.com\\\/product\\\/lina-almacen-cabernet-franc\\\/\",\"name\":\"L\u00ednea Almac\u00e9n - Cabernet Franc - Pizzorno Family Estates\",\"isPartOf\":{\"@id\":\"https:\\\/\\\/pizzornowines.com\\\/#website\"},\"primaryImageOfPage\":{\"@id\":\"https:\\\/\\\/pizzornowines.com\\\/product\\\/lina-almacen-cabernet-franc\\\/#primaryimage\"},\"image\":{\"@id\":\"https:\\\/\\\/pizzornowines.com\\\/product\\\/lina-almacen-cabernet-franc\\\/#primaryimage\"},\"thumbnailUrl\":\"https:\\\/\\\/pizzornowines.com\\\/wp-content\\\/uploads\\\/2024\\\/12\\\/Cabernet-Franc-copia-1.png\",\"datePublished\":\"2023-07-06T16:26:11+00:00\",\"breadcrumb\":{\"@id\":\"https:\\\/\\\/pizzornowines.com\\\/product\\\/lina-almacen-cabernet-franc\\\/#breadcrumb\"},\"inLanguage\":\"en-US\",\"potentialAction\":[{\"@type\":\"ReadAction\",\"target\":[\"https:\\\/\\\/pizzornowines.com\\\/product\\\/lina-almacen-cabernet-franc\\\/\"]}]},{\"@type\":\"ImageObject\",\"inLanguage\":\"en-US\",\"@id\":\"https:\\\/\\\/pizzornowines.com\\\/product\\\/lina-almacen-cabernet-franc\\\/#primaryimage\",\"url\":\"https:\\\/\\\/pizzornowines.com\\\/wp-content\\\/uploads\\\/2024\\\/12\\\/Cabernet-Franc-copia-1.png\",\"contentUrl\":\"https:\\\/\\\/pizzornowines.com\\\/wp-content\\\/uploads\\\/2024\\\/12\\\/Cabernet-Franc-copia-1.png\",\"width\":2176,\"height\":5482},{\"@type\":\"BreadcrumbList\",\"@id\":\"https:\\\/\\\/pizzornowines.com\\\/product\\\/lina-almacen-cabernet-franc\\\/#breadcrumb\",\"itemListElement\":[{\"@type\":\"ListItem\",\"position\":1,\"name\":\"Home\",\"item\":\"https:\\\/\\\/pizzornowines.com\\\/\"},{\"@type\":\"ListItem\",\"position\":2,\"name\":\"Shop\",\"item\":\"https:\\\/\\\/pizzornowines.com\\\/?page_id=96\"},{\"@type\":\"ListItem\",\"position\":3,\"name\":\"L\u00ednea Almac\u00e9n &#8211; Cabernet Franc\"}]},{\"@type\":\"WebSite\",\"@id\":\"https:\\\/\\\/pizzornowines.com\\\/#website\",\"url\":\"https:\\\/\\\/pizzornowines.com\\\/\",\"name\":\"Pizzorno Family Estates\",\"description\":\"Pasi\u00f3n por la tierra y el vino\",\"publisher\":{\"@id\":\"https:\\\/\\\/pizzornowines.com\\\/#organization\"},\"potentialAction\":[{\"@type\":\"SearchAction\",\"target\":{\"@type\":\"EntryPoint\",\"urlTemplate\":\"https:\\\/\\\/pizzornowines.com\\\/?s={search_term_string}\"},\"query-input\":{\"@type\":\"PropertyValueSpecification\",\"valueRequired\":true,\"valueName\":\"search_term_string\"}}],\"inLanguage\":\"en-US\"},{\"@type\":\"Organization\",\"@id\":\"https:\\\/\\\/pizzornowines.com\\\/#organization\",\"name\":\"Pizzorno Family Estates\",\"url\":\"https:\\\/\\\/pizzornowines.com\\\/\",\"logo\":{\"@type\":\"ImageObject\",\"inLanguage\":\"en-US\",\"@id\":\"https:\\\/\\\/pizzornowines.com\\\/#\\\/schema\\\/logo\\\/image\\\/\",\"url\":\"https:\\\/\\\/pizzornowines.com\\\/wp-content\\\/uploads\\\/Pizzorno-Family-Estate-logo.svg\",\"contentUrl\":\"https:\\\/\\\/pizzornowines.com\\\/wp-content\\\/uploads\\\/Pizzorno-Family-Estate-logo.svg\",\"width\":422,\"height\":283,\"caption\":\"Pizzorno Family Estates\"},\"image\":{\"@id\":\"https:\\\/\\\/pizzornowines.com\\\/#\\\/schema\\\/logo\\\/image\\\/\"},\"sameAs\":[\"https:\\\/\\\/www.facebook.com\\\/pizzorno.family.estates\"]}]}<\/script>\n<!-- \/ Yoast SEO plugin. -->","yoast_head_json":{"title":"L\u00ednea Almac\u00e9n - Cabernet Franc - Pizzorno Family Estates","robots":{"index":"noindex","follow":"follow","max-snippet":"max-snippet:-1","max-image-preview":"max-image-preview:large","max-video-preview":"max-video-preview:-1"},"og_locale":"en_US","og_type":"article","og_title":"L\u00ednea Almac\u00e9n - Cabernet Franc - Pizzorno Family Estates","og_description":"L\u00edneas exclusivas de nuestro almac\u00e9n &#8211; boutique. Partidas limitadas de vinos seleccionados para consumidores curiosos por conocer la esencia de nuestra bodega por intermedio de un proyecto liderado por la en\u00f3loga m\u00e1s j\u00f3ven de la bodega. Valentina Palleiro Una variedad que se destaca por su versatilidad, y que ha tenido una excelente adaptaci\u00f3n al terroair [&hellip;]","og_url":"https:\/\/pizzornowines.com\/en\/product\/lina-almacen-cabernet-franc\/","og_site_name":"Pizzorno Family Estates","article_publisher":"https:\/\/www.facebook.com\/pizzorno.family.estates","og_image":[{"url":"https:\/\/pizzornowines.com\/wp-content\/uploads\/2024\/12\/Cabernet-Franc-copia-1.png","width":2176,"height":5482,"type":"image\/png"}],"twitter_card":"summary_large_image","schema":{"@context":"https:\/\/schema.org","@graph":[{"@type":"WebPage","@id":"https:\/\/pizzornowines.com\/product\/lina-almacen-cabernet-franc\/","url":"https:\/\/pizzornowines.com\/product\/lina-almacen-cabernet-franc\/","name":"L\u00ednea Almac\u00e9n - Cabernet Franc - Pizzorno Family Estates","isPartOf":{"@id":"https:\/\/pizzornowines.com\/#website"},"primaryImageOfPage":{"@id":"https:\/\/pizzornowines.com\/product\/lina-almacen-cabernet-franc\/#primaryimage"},"image":{"@id":"https:\/\/pizzornowines.com\/product\/lina-almacen-cabernet-franc\/#primaryimage"},"thumbnailUrl":"https:\/\/pizzornowines.com\/wp-content\/uploads\/2024\/12\/Cabernet-Franc-copia-1.png","datePublished":"2023-07-06T16:26:11+00:00","breadcrumb":{"@id":"https:\/\/pizzornowines.com\/product\/lina-almacen-cabernet-franc\/#breadcrumb"},"inLanguage":"en-US","potentialAction":[{"@type":"ReadAction","target":["https:\/\/pizzornowines.com\/product\/lina-almacen-cabernet-franc\/"]}]},{"@type":"ImageObject","inLanguage":"en-US","@id":"https:\/\/pizzornowines.com\/product\/lina-almacen-cabernet-franc\/#primaryimage","url":"https:\/\/pizzornowines.com\/wp-content\/uploads\/2024\/12\/Cabernet-Franc-copia-1.png","contentUrl":"https:\/\/pizzornowines.com\/wp-content\/uploads\/2024\/12\/Cabernet-Franc-copia-1.png","width":2176,"height":5482},{"@type":"BreadcrumbList","@id":"https:\/\/pizzornowines.com\/product\/lina-almacen-cabernet-franc\/#breadcrumb","itemListElement":[{"@type":"ListItem","position":1,"name":"Home","item":"https:\/\/pizzornowines.com\/"},{"@type":"ListItem","position":2,"name":"Shop","item":"https:\/\/pizzornowines.com\/?page_id=96"},{"@type":"ListItem","position":3,"name":"L\u00ednea Almac\u00e9n &#8211; Cabernet Franc"}]},{"@type":"WebSite","@id":"https:\/\/pizzornowines.com\/#website","url":"https:\/\/pizzornowines.com\/","name":"Pizzorno Family Estates","description":"Pasi\u00f3n por la tierra y el vino","publisher":{"@id":"https:\/\/pizzornowines.com\/#organization"},"potentialAction":[{"@type":"SearchAction","target":{"@type":"EntryPoint","urlTemplate":"https:\/\/pizzornowines.com\/?s={search_term_string}"},"query-input":{"@type":"PropertyValueSpecification","valueRequired":true,"valueName":"search_term_string"}}],"inLanguage":"en-US"},{"@type":"Organization","@id":"https:\/\/pizzornowines.com\/#organization","name":"Pizzorno Family Estates","url":"https:\/\/pizzornowines.com\/","logo":{"@type":"ImageObject","inLanguage":"en-US","@id":"https:\/\/pizzornowines.com\/#\/schema\/logo\/image\/","url":"https:\/\/pizzornowines.com\/wp-content\/uploads\/Pizzorno-Family-Estate-logo.svg","contentUrl":"https:\/\/pizzornowines.com\/wp-content\/uploads\/Pizzorno-Family-Estate-logo.svg","width":422,"height":283,"caption":"Pizzorno Family Estates"},"image":{"@id":"https:\/\/pizzornowines.com\/#\/schema\/logo\/image\/"},"sameAs":["https:\/\/www.facebook.com\/pizzorno.family.estates"]}]}},"_links":{"self":[{"href":"https:\/\/pizzornowines.com\/en\/wp-json\/wp\/v2\/product\/221","targetHints":{"allow":["GET"]}}],"collection":[{"href":"https:\/\/pizzornowines.com\/en\/wp-json\/wp\/v2\/product"}],"about":[{"href":"https:\/\/pizzornowines.com\/en\/wp-json\/wp\/v2\/types\/product"}],"replies":[{"embeddable":true,"href":"https:\/\/pizzornowines.com\/en\/wp-json\/wp\/v2\/comments?post=221"}],"version-history":[{"count":0,"href":"https:\/\/pizzornowines.com\/en\/wp-json\/wp\/v2\/product\/221\/revisions"}],"wp:featuredmedia":[{"embeddable":true,"href":"https:\/\/pizzornowines.com\/en\/wp-json\/wp\/v2\/media\/222"}],"wp:attachment":[{"href":"https:\/\/pizzornowines.com\/en\/wp-json\/wp\/v2\/media?parent=221"}],"wp:term":[{"taxonomy":"tipo-visita","embeddable":true,"href":"https:\/\/pizzornowines.com\/en\/wp-json\/wp\/v2\/tipo-visita?post=221"},{"taxonomy":"product_brand","embeddable":true,"href":"https:\/\/pizzornowines.com\/en\/wp-json\/wp\/v2\/product_brand?post=221"},{"taxonomy":"product_cat","embeddable":true,"href":"https:\/\/pizzornowines.com\/en\/wp-json\/wp\/v2\/product_cat?post=221"},{"taxonomy":"product_tag","embeddable":true,"href":"https:\/\/pizzornowines.com\/en\/wp-json\/wp\/v2\/product_tag?post=221"}],"curies":[{"name":"wp","href":"https:\/\/api.w.org\/{rel}","templated":true}]}}