{"id":217,"date":"2023-07-06T13:34:06","date_gmt":"2023-07-06T16:34:06","guid":{"rendered":"http:\/\/pizzornowines.com\/producto\/lina-almacen-tannat\/"},"modified":"2023-07-06T13:34:06","modified_gmt":"2023-07-06T16:34:06","slug":"lina-almacen-tannat","status":"publish","type":"product","link":"https:\/\/pizzornowines.com\/en\/product\/lina-almacen-tannat\/","title":{"rendered":"L\u00edna Almac\u00e9n &#8211; Tannat"},"content":{"rendered":"<p>L\u00edneas exclusivas de nuestro almac\u00e9n \u2013 boutique.<\/p>\n<p>Partidas limitadas de vinos seleccionados para consumidores curiosos por conocer la esencia de nuestra bodega por intermedio de un proyecto liderado por la en\u00f3loga m\u00e1s j\u00f3ven de la bodega.<\/p>\n<p>Valentina Palleiro<\/p>\n<p>Tannat, variedad tradicional de nuestro pa\u00eds, originalmente de Madiran, Francia. Esta cepa nos representa internacionalmente con una perfecta adaptaci\u00f3n al clima y al suelo de nuestra regi\u00f3n. (Canel\u00f3n Chico, Canelones).<br \/>\nLa uva Tannat tiene excelente propiedades en beneficio de la salud gracias a su alta concentraci\u00f3n de polifenoles.(2.5 veces m\u00e1s que la Cabernet Sauvignon)<\/p>","protected":false},"excerpt":{"rendered":"<p>L\u00edneas exclusivas de nuestro almac\u00e9n \u2013 boutique. Partidas limitadas de vinos seleccionados para consumidores curiosos por conocer la esencia de nuestra bodega por intermedio de un proyecto liderado por la en\u00f3loga m\u00e1s j\u00f3ven de la bodega. Valentina Palleiro Tannat, variedad tradicional de nuestro pa\u00eds, originalmente de Madiran, Francia. Esta cepa nos representa internacionalmente con una [&hellip;]<\/p>\n","protected":false},"featured_media":218,"comment_status":"closed","ping_status":"closed","template":"","meta":{"_acf_changed":false,"_joinchat":[]},"tipo-visita":[],"product_brand":[],"product_cat":[25],"product_tag":[],"class_list":{"0":"post-217","1":"product","2":"type-product","3":"status-publish","4":"has-post-thumbnail","6":"product_cat-almacen","8":"first","9":"instock","10":"shipping-taxable","11":"product-type-simple"},"exclude_global_add_ons":[],"addons":[],"acf":[],"yoast_head":"<!-- This site is optimized with the Yoast SEO plugin v27.4 - https:\/\/yoast.com\/product\/yoast-seo-wordpress\/ -->\n<title>L\u00edna Almac\u00e9n - Tannat - Pizzorno Family Estates<\/title>\n<meta name=\"robots\" content=\"noindex, follow, max-snippet:-1, max-image-preview:large, max-video-preview:-1\" \/>\n<meta property=\"og:locale\" content=\"en_US\" \/>\n<meta property=\"og:type\" content=\"article\" \/>\n<meta property=\"og:title\" content=\"L\u00edna Almac\u00e9n - Tannat - Pizzorno Family Estates\" \/>\n<meta property=\"og:description\" content=\"L\u00edneas exclusivas de nuestro almac\u00e9n \u2013 boutique. Partidas limitadas de vinos seleccionados para consumidores curiosos por conocer la esencia de nuestra bodega por intermedio de un proyecto liderado por la en\u00f3loga m\u00e1s j\u00f3ven de la bodega. Valentina Palleiro Tannat, variedad tradicional de nuestro pa\u00eds, originalmente de Madiran, Francia. Esta cepa nos representa internacionalmente con una [&hellip;]\" \/>\n<meta property=\"og:url\" content=\"https:\/\/pizzornowines.com\/en\/product\/lina-almacen-tannat\/\" \/>\n<meta property=\"og:site_name\" content=\"Pizzorno Family Estates\" \/>\n<meta property=\"article:publisher\" content=\"https:\/\/www.facebook.com\/pizzorno.family.estates\" \/>\n<meta property=\"og:image\" content=\"https:\/\/pizzornowines.com\/wp-content\/uploads\/2024\/12\/Tannat-copia-1.png\" \/>\n\t<meta property=\"og:image:width\" content=\"2176\" \/>\n\t<meta property=\"og:image:height\" content=\"5482\" \/>\n\t<meta property=\"og:image:type\" content=\"image\/png\" \/>\n<meta name=\"twitter:card\" content=\"summary_large_image\" \/>\n<meta name=\"twitter:label1\" content=\"Est. reading time\" \/>\n\t<meta name=\"twitter:data1\" content=\"1 minute\" \/>\n<script type=\"application\/ld+json\" class=\"yoast-schema-graph\">{\"@context\":\"https:\\\/\\\/schema.org\",\"@graph\":[{\"@type\":\"WebPage\",\"@id\":\"https:\\\/\\\/pizzornowines.com\\\/product\\\/lina-almacen-tannat\\\/\",\"url\":\"https:\\\/\\\/pizzornowines.com\\\/product\\\/lina-almacen-tannat\\\/\",\"name\":\"L\u00edna Almac\u00e9n - Tannat - Pizzorno Family Estates\",\"isPartOf\":{\"@id\":\"https:\\\/\\\/pizzornowines.com\\\/#website\"},\"primaryImageOfPage\":{\"@id\":\"https:\\\/\\\/pizzornowines.com\\\/product\\\/lina-almacen-tannat\\\/#primaryimage\"},\"image\":{\"@id\":\"https:\\\/\\\/pizzornowines.com\\\/product\\\/lina-almacen-tannat\\\/#primaryimage\"},\"thumbnailUrl\":\"https:\\\/\\\/pizzornowines.com\\\/wp-content\\\/uploads\\\/2024\\\/12\\\/Tannat-copia-1.png\",\"datePublished\":\"2023-07-06T16:34:06+00:00\",\"breadcrumb\":{\"@id\":\"https:\\\/\\\/pizzornowines.com\\\/product\\\/lina-almacen-tannat\\\/#breadcrumb\"},\"inLanguage\":\"en-US\",\"potentialAction\":[{\"@type\":\"ReadAction\",\"target\":[\"https:\\\/\\\/pizzornowines.com\\\/product\\\/lina-almacen-tannat\\\/\"]}]},{\"@type\":\"ImageObject\",\"inLanguage\":\"en-US\",\"@id\":\"https:\\\/\\\/pizzornowines.com\\\/product\\\/lina-almacen-tannat\\\/#primaryimage\",\"url\":\"https:\\\/\\\/pizzornowines.com\\\/wp-content\\\/uploads\\\/2024\\\/12\\\/Tannat-copia-1.png\",\"contentUrl\":\"https:\\\/\\\/pizzornowines.com\\\/wp-content\\\/uploads\\\/2024\\\/12\\\/Tannat-copia-1.png\",\"width\":2176,\"height\":5482},{\"@type\":\"BreadcrumbList\",\"@id\":\"https:\\\/\\\/pizzornowines.com\\\/product\\\/lina-almacen-tannat\\\/#breadcrumb\",\"itemListElement\":[{\"@type\":\"ListItem\",\"position\":1,\"name\":\"Home\",\"item\":\"https:\\\/\\\/pizzornowines.com\\\/\"},{\"@type\":\"ListItem\",\"position\":2,\"name\":\"Shop\",\"item\":\"https:\\\/\\\/pizzornowines.com\\\/?page_id=96\"},{\"@type\":\"ListItem\",\"position\":3,\"name\":\"L\u00edna Almac\u00e9n &#8211; Tannat\"}]},{\"@type\":\"WebSite\",\"@id\":\"https:\\\/\\\/pizzornowines.com\\\/#website\",\"url\":\"https:\\\/\\\/pizzornowines.com\\\/\",\"name\":\"Pizzorno Family Estates\",\"description\":\"Pasi\u00f3n por la tierra y el vino\",\"publisher\":{\"@id\":\"https:\\\/\\\/pizzornowines.com\\\/#organization\"},\"potentialAction\":[{\"@type\":\"SearchAction\",\"target\":{\"@type\":\"EntryPoint\",\"urlTemplate\":\"https:\\\/\\\/pizzornowines.com\\\/?s={search_term_string}\"},\"query-input\":{\"@type\":\"PropertyValueSpecification\",\"valueRequired\":true,\"valueName\":\"search_term_string\"}}],\"inLanguage\":\"en-US\"},{\"@type\":\"Organization\",\"@id\":\"https:\\\/\\\/pizzornowines.com\\\/#organization\",\"name\":\"Pizzorno Family Estates\",\"url\":\"https:\\\/\\\/pizzornowines.com\\\/\",\"logo\":{\"@type\":\"ImageObject\",\"inLanguage\":\"en-US\",\"@id\":\"https:\\\/\\\/pizzornowines.com\\\/#\\\/schema\\\/logo\\\/image\\\/\",\"url\":\"https:\\\/\\\/pizzornowines.com\\\/wp-content\\\/uploads\\\/Pizzorno-Family-Estate-logo.svg\",\"contentUrl\":\"https:\\\/\\\/pizzornowines.com\\\/wp-content\\\/uploads\\\/Pizzorno-Family-Estate-logo.svg\",\"width\":422,\"height\":283,\"caption\":\"Pizzorno Family Estates\"},\"image\":{\"@id\":\"https:\\\/\\\/pizzornowines.com\\\/#\\\/schema\\\/logo\\\/image\\\/\"},\"sameAs\":[\"https:\\\/\\\/www.facebook.com\\\/pizzorno.family.estates\"]}]}<\/script>\n<!-- \/ Yoast SEO plugin. -->","yoast_head_json":{"title":"L\u00edna Almac\u00e9n - Tannat - Pizzorno Family Estates","robots":{"index":"noindex","follow":"follow","max-snippet":"max-snippet:-1","max-image-preview":"max-image-preview:large","max-video-preview":"max-video-preview:-1"},"og_locale":"en_US","og_type":"article","og_title":"L\u00edna Almac\u00e9n - Tannat - Pizzorno Family Estates","og_description":"L\u00edneas exclusivas de nuestro almac\u00e9n \u2013 boutique. Partidas limitadas de vinos seleccionados para consumidores curiosos por conocer la esencia de nuestra bodega por intermedio de un proyecto liderado por la en\u00f3loga m\u00e1s j\u00f3ven de la bodega. Valentina Palleiro Tannat, variedad tradicional de nuestro pa\u00eds, originalmente de Madiran, Francia. Esta cepa nos representa internacionalmente con una [&hellip;]","og_url":"https:\/\/pizzornowines.com\/en\/product\/lina-almacen-tannat\/","og_site_name":"Pizzorno Family Estates","article_publisher":"https:\/\/www.facebook.com\/pizzorno.family.estates","og_image":[{"url":"https:\/\/pizzornowines.com\/wp-content\/uploads\/2024\/12\/Tannat-copia-1.png","width":2176,"height":5482,"type":"image\/png"}],"twitter_card":"summary_large_image","twitter_misc":{"Est. reading time":"1 minute"},"schema":{"@context":"https:\/\/schema.org","@graph":[{"@type":"WebPage","@id":"https:\/\/pizzornowines.com\/product\/lina-almacen-tannat\/","url":"https:\/\/pizzornowines.com\/product\/lina-almacen-tannat\/","name":"L\u00edna Almac\u00e9n - Tannat - Pizzorno Family Estates","isPartOf":{"@id":"https:\/\/pizzornowines.com\/#website"},"primaryImageOfPage":{"@id":"https:\/\/pizzornowines.com\/product\/lina-almacen-tannat\/#primaryimage"},"image":{"@id":"https:\/\/pizzornowines.com\/product\/lina-almacen-tannat\/#primaryimage"},"thumbnailUrl":"https:\/\/pizzornowines.com\/wp-content\/uploads\/2024\/12\/Tannat-copia-1.png","datePublished":"2023-07-06T16:34:06+00:00","breadcrumb":{"@id":"https:\/\/pizzornowines.com\/product\/lina-almacen-tannat\/#breadcrumb"},"inLanguage":"en-US","potentialAction":[{"@type":"ReadAction","target":["https:\/\/pizzornowines.com\/product\/lina-almacen-tannat\/"]}]},{"@type":"ImageObject","inLanguage":"en-US","@id":"https:\/\/pizzornowines.com\/product\/lina-almacen-tannat\/#primaryimage","url":"https:\/\/pizzornowines.com\/wp-content\/uploads\/2024\/12\/Tannat-copia-1.png","contentUrl":"https:\/\/pizzornowines.com\/wp-content\/uploads\/2024\/12\/Tannat-copia-1.png","width":2176,"height":5482},{"@type":"BreadcrumbList","@id":"https:\/\/pizzornowines.com\/product\/lina-almacen-tannat\/#breadcrumb","itemListElement":[{"@type":"ListItem","position":1,"name":"Home","item":"https:\/\/pizzornowines.com\/"},{"@type":"ListItem","position":2,"name":"Shop","item":"https:\/\/pizzornowines.com\/?page_id=96"},{"@type":"ListItem","position":3,"name":"L\u00edna Almac\u00e9n &#8211; Tannat"}]},{"@type":"WebSite","@id":"https:\/\/pizzornowines.com\/#website","url":"https:\/\/pizzornowines.com\/","name":"Pizzorno Family Estates","description":"Pasi\u00f3n por la tierra y el vino","publisher":{"@id":"https:\/\/pizzornowines.com\/#organization"},"potentialAction":[{"@type":"SearchAction","target":{"@type":"EntryPoint","urlTemplate":"https:\/\/pizzornowines.com\/?s={search_term_string}"},"query-input":{"@type":"PropertyValueSpecification","valueRequired":true,"valueName":"search_term_string"}}],"inLanguage":"en-US"},{"@type":"Organization","@id":"https:\/\/pizzornowines.com\/#organization","name":"Pizzorno Family Estates","url":"https:\/\/pizzornowines.com\/","logo":{"@type":"ImageObject","inLanguage":"en-US","@id":"https:\/\/pizzornowines.com\/#\/schema\/logo\/image\/","url":"https:\/\/pizzornowines.com\/wp-content\/uploads\/Pizzorno-Family-Estate-logo.svg","contentUrl":"https:\/\/pizzornowines.com\/wp-content\/uploads\/Pizzorno-Family-Estate-logo.svg","width":422,"height":283,"caption":"Pizzorno Family Estates"},"image":{"@id":"https:\/\/pizzornowines.com\/#\/schema\/logo\/image\/"},"sameAs":["https:\/\/www.facebook.com\/pizzorno.family.estates"]}]}},"_links":{"self":[{"href":"https:\/\/pizzornowines.com\/en\/wp-json\/wp\/v2\/product\/217","targetHints":{"allow":["GET"]}}],"collection":[{"href":"https:\/\/pizzornowines.com\/en\/wp-json\/wp\/v2\/product"}],"about":[{"href":"https:\/\/pizzornowines.com\/en\/wp-json\/wp\/v2\/types\/product"}],"replies":[{"embeddable":true,"href":"https:\/\/pizzornowines.com\/en\/wp-json\/wp\/v2\/comments?post=217"}],"version-history":[{"count":0,"href":"https:\/\/pizzornowines.com\/en\/wp-json\/wp\/v2\/product\/217\/revisions"}],"wp:featuredmedia":[{"embeddable":true,"href":"https:\/\/pizzornowines.com\/en\/wp-json\/wp\/v2\/media\/218"}],"wp:attachment":[{"href":"https:\/\/pizzornowines.com\/en\/wp-json\/wp\/v2\/media?parent=217"}],"wp:term":[{"taxonomy":"tipo-visita","embeddable":true,"href":"https:\/\/pizzornowines.com\/en\/wp-json\/wp\/v2\/tipo-visita?post=217"},{"taxonomy":"product_brand","embeddable":true,"href":"https:\/\/pizzornowines.com\/en\/wp-json\/wp\/v2\/product_brand?post=217"},{"taxonomy":"product_cat","embeddable":true,"href":"https:\/\/pizzornowines.com\/en\/wp-json\/wp\/v2\/product_cat?post=217"},{"taxonomy":"product_tag","embeddable":true,"href":"https:\/\/pizzornowines.com\/en\/wp-json\/wp\/v2\/product_tag?post=217"}],"curies":[{"name":"wp","href":"https:\/\/api.w.org\/{rel}","templated":true}]}}