{"id":212,"date":"2023-09-19T20:00:37","date_gmt":"2023-09-19T23:00:37","guid":{"rendered":"http:\/\/pizzornowines.com\/producto\/guacho-tannat-malbec\/"},"modified":"2025-08-11T11:52:21","modified_gmt":"2025-08-11T14:52:21","slug":"guacho-tannat-malbec","status":"publish","type":"product","link":"https:\/\/pizzornowines.com\/en\/product\/guacho-tannat-malbec\/","title":{"rendered":"GAUCHO SUR Tannat Malbec Roble"},"content":{"rendered":"<p>Assemblage de dos variedades t\u00edpicas de Am\u00e9rica del Sur. La vinificaci\u00f3n de cada variedad se realiza por separado respetando la madurez enol\u00f3gica de cada una de ellas. Maceraci\u00f3n en fr\u00edo por 12 hrs. Fermentaci\u00f3n tradicional y suave prensado. Solamente el Malbec se a\u00f1eja en roble franc\u00e9s durante 6 meses.<\/p>","protected":false},"excerpt":{"rendered":"<p>Gaucho es una l\u00ednea que rinde homenaje al esp\u00edritu del hombre de campo rioplatense: libre, valiente y profundamente conectado con la tierra. Representa la esencia de nuestras ra\u00edces rurales y el orgullo de una cultura que honra el trabajo, la tradici\u00f3n y la identidad.<br \/>\nCon vinos honestos, expresivos y con car\u00e1cter, Gaucho es un tributo a la vida simple y aut\u00e9ntica. Cada botella lleva consigo la fuerza del terru\u00f1o y la historia de quienes han hecho del vino parte de su legado.<br \/>\nGaucho es m\u00e1s que un vino. Es una bandera de pertenencia.<\/p>","protected":false},"featured_media":213,"comment_status":"closed","ping_status":"closed","template":"","meta":{"_acf_changed":false,"_joinchat":[]},"tipo-visita":[],"product_brand":[],"product_cat":[29],"product_tag":[],"class_list":{"0":"post-212","1":"product","2":"type-product","3":"status-publish","4":"has-post-thumbnail","6":"product_cat-gaucho-sur","8":"first","9":"instock","10":"shipping-taxable","11":"product-type-simple"},"exclude_global_add_ons":[],"addons":[],"acf":[],"yoast_head":"<!-- This site is optimized with the Yoast SEO plugin v27.4 - https:\/\/yoast.com\/product\/yoast-seo-wordpress\/ -->\n<title>GAUCHO SUR Tannat Malbec Roble - Pizzorno Family Estates<\/title>\n<meta name=\"robots\" content=\"noindex, follow, max-snippet:-1, max-image-preview:large, max-video-preview:-1\" \/>\n<meta property=\"og:locale\" content=\"en_US\" \/>\n<meta property=\"og:type\" content=\"article\" \/>\n<meta property=\"og:title\" content=\"GAUCHO SUR Tannat Malbec Roble - Pizzorno Family Estates\" \/>\n<meta property=\"og:description\" content=\"Gaucho es una l\u00ednea que rinde homenaje al esp\u00edritu del hombre de campo rioplatense: libre, valiente y profundamente conectado con la tierra. Representa la esencia de nuestras ra\u00edces rurales y el orgullo de una cultura que honra el trabajo, la tradici\u00f3n y la identidad. Con vinos honestos, expresivos y con car\u00e1cter, Gaucho es un tributo a la vida simple y aut\u00e9ntica. Cada botella lleva consigo la fuerza del terru\u00f1o y la historia de quienes han hecho del vino parte de su legado. Gaucho es m\u00e1s que un vino. Es una bandera de pertenencia.\" \/>\n<meta property=\"og:url\" content=\"https:\/\/pizzornowines.com\/en\/product\/guacho-tannat-malbec\/\" \/>\n<meta property=\"og:site_name\" content=\"Pizzorno Family Estates\" \/>\n<meta property=\"article:publisher\" content=\"https:\/\/www.facebook.com\/pizzorno.family.estates\" \/>\n<meta property=\"article:modified_time\" content=\"2025-08-11T14:52:21+00:00\" \/>\n<meta property=\"og:image\" content=\"https:\/\/pizzornowines.com\/wp-content\/uploads\/2023\/09\/Gaucho-Sur-scaled.jpg\" \/>\n\t<meta property=\"og:image:width\" content=\"762\" \/>\n\t<meta property=\"og:image:height\" content=\"1920\" \/>\n\t<meta property=\"og:image:type\" content=\"image\/jpeg\" \/>\n<meta name=\"twitter:card\" content=\"summary_large_image\" \/>\n<script type=\"application\/ld+json\" class=\"yoast-schema-graph\">{\"@context\":\"https:\\\/\\\/schema.org\",\"@graph\":[{\"@type\":\"WebPage\",\"@id\":\"https:\\\/\\\/pizzornowines.com\\\/product\\\/guacho-tannat-malbec\\\/\",\"url\":\"https:\\\/\\\/pizzornowines.com\\\/product\\\/guacho-tannat-malbec\\\/\",\"name\":\"GAUCHO SUR Tannat Malbec Roble - Pizzorno Family Estates\",\"isPartOf\":{\"@id\":\"https:\\\/\\\/pizzornowines.com\\\/#website\"},\"primaryImageOfPage\":{\"@id\":\"https:\\\/\\\/pizzornowines.com\\\/product\\\/guacho-tannat-malbec\\\/#primaryimage\"},\"image\":{\"@id\":\"https:\\\/\\\/pizzornowines.com\\\/product\\\/guacho-tannat-malbec\\\/#primaryimage\"},\"thumbnailUrl\":\"https:\\\/\\\/pizzornowines.com\\\/wp-content\\\/uploads\\\/2023\\\/09\\\/Gaucho-Sur-scaled.jpg\",\"datePublished\":\"2023-09-19T23:00:37+00:00\",\"dateModified\":\"2025-08-11T14:52:21+00:00\",\"breadcrumb\":{\"@id\":\"https:\\\/\\\/pizzornowines.com\\\/product\\\/guacho-tannat-malbec\\\/#breadcrumb\"},\"inLanguage\":\"en-US\",\"potentialAction\":[{\"@type\":\"ReadAction\",\"target\":[\"https:\\\/\\\/pizzornowines.com\\\/product\\\/guacho-tannat-malbec\\\/\"]}]},{\"@type\":\"ImageObject\",\"inLanguage\":\"en-US\",\"@id\":\"https:\\\/\\\/pizzornowines.com\\\/product\\\/guacho-tannat-malbec\\\/#primaryimage\",\"url\":\"https:\\\/\\\/pizzornowines.com\\\/wp-content\\\/uploads\\\/2023\\\/09\\\/Gaucho-Sur-scaled.jpg\",\"contentUrl\":\"https:\\\/\\\/pizzornowines.com\\\/wp-content\\\/uploads\\\/2023\\\/09\\\/Gaucho-Sur-scaled.jpg\",\"width\":762,\"height\":1920},{\"@type\":\"BreadcrumbList\",\"@id\":\"https:\\\/\\\/pizzornowines.com\\\/product\\\/guacho-tannat-malbec\\\/#breadcrumb\",\"itemListElement\":[{\"@type\":\"ListItem\",\"position\":1,\"name\":\"Home\",\"item\":\"https:\\\/\\\/pizzornowines.com\\\/\"},{\"@type\":\"ListItem\",\"position\":2,\"name\":\"Shop\",\"item\":\"https:\\\/\\\/pizzornowines.com\\\/?page_id=96\"},{\"@type\":\"ListItem\",\"position\":3,\"name\":\"GAUCHO SUR Tannat Malbec Roble\"}]},{\"@type\":\"WebSite\",\"@id\":\"https:\\\/\\\/pizzornowines.com\\\/#website\",\"url\":\"https:\\\/\\\/pizzornowines.com\\\/\",\"name\":\"Pizzorno Family Estates\",\"description\":\"Pasi\u00f3n por la tierra y el vino\",\"publisher\":{\"@id\":\"https:\\\/\\\/pizzornowines.com\\\/#organization\"},\"potentialAction\":[{\"@type\":\"SearchAction\",\"target\":{\"@type\":\"EntryPoint\",\"urlTemplate\":\"https:\\\/\\\/pizzornowines.com\\\/?s={search_term_string}\"},\"query-input\":{\"@type\":\"PropertyValueSpecification\",\"valueRequired\":true,\"valueName\":\"search_term_string\"}}],\"inLanguage\":\"en-US\"},{\"@type\":\"Organization\",\"@id\":\"https:\\\/\\\/pizzornowines.com\\\/#organization\",\"name\":\"Pizzorno Family Estates\",\"url\":\"https:\\\/\\\/pizzornowines.com\\\/\",\"logo\":{\"@type\":\"ImageObject\",\"inLanguage\":\"en-US\",\"@id\":\"https:\\\/\\\/pizzornowines.com\\\/#\\\/schema\\\/logo\\\/image\\\/\",\"url\":\"https:\\\/\\\/pizzornowines.com\\\/wp-content\\\/uploads\\\/Pizzorno-Family-Estate-logo.svg\",\"contentUrl\":\"https:\\\/\\\/pizzornowines.com\\\/wp-content\\\/uploads\\\/Pizzorno-Family-Estate-logo.svg\",\"width\":422,\"height\":283,\"caption\":\"Pizzorno Family Estates\"},\"image\":{\"@id\":\"https:\\\/\\\/pizzornowines.com\\\/#\\\/schema\\\/logo\\\/image\\\/\"},\"sameAs\":[\"https:\\\/\\\/www.facebook.com\\\/pizzorno.family.estates\"]}]}<\/script>\n<!-- \/ Yoast SEO plugin. -->","yoast_head_json":{"title":"GAUCHO SUR Tannat Malbec Roble - Pizzorno Family Estates","robots":{"index":"noindex","follow":"follow","max-snippet":"max-snippet:-1","max-image-preview":"max-image-preview:large","max-video-preview":"max-video-preview:-1"},"og_locale":"en_US","og_type":"article","og_title":"GAUCHO SUR Tannat Malbec Roble - Pizzorno Family Estates","og_description":"Gaucho es una l\u00ednea que rinde homenaje al esp\u00edritu del hombre de campo rioplatense: libre, valiente y profundamente conectado con la tierra. Representa la esencia de nuestras ra\u00edces rurales y el orgullo de una cultura que honra el trabajo, la tradici\u00f3n y la identidad. Con vinos honestos, expresivos y con car\u00e1cter, Gaucho es un tributo a la vida simple y aut\u00e9ntica. Cada botella lleva consigo la fuerza del terru\u00f1o y la historia de quienes han hecho del vino parte de su legado. Gaucho es m\u00e1s que un vino. Es una bandera de pertenencia.","og_url":"https:\/\/pizzornowines.com\/en\/product\/guacho-tannat-malbec\/","og_site_name":"Pizzorno Family Estates","article_publisher":"https:\/\/www.facebook.com\/pizzorno.family.estates","article_modified_time":"2025-08-11T14:52:21+00:00","og_image":[{"width":762,"height":1920,"url":"https:\/\/pizzornowines.com\/wp-content\/uploads\/2023\/09\/Gaucho-Sur-scaled.jpg","type":"image\/jpeg"}],"twitter_card":"summary_large_image","schema":{"@context":"https:\/\/schema.org","@graph":[{"@type":"WebPage","@id":"https:\/\/pizzornowines.com\/product\/guacho-tannat-malbec\/","url":"https:\/\/pizzornowines.com\/product\/guacho-tannat-malbec\/","name":"GAUCHO SUR Tannat Malbec Roble - Pizzorno Family Estates","isPartOf":{"@id":"https:\/\/pizzornowines.com\/#website"},"primaryImageOfPage":{"@id":"https:\/\/pizzornowines.com\/product\/guacho-tannat-malbec\/#primaryimage"},"image":{"@id":"https:\/\/pizzornowines.com\/product\/guacho-tannat-malbec\/#primaryimage"},"thumbnailUrl":"https:\/\/pizzornowines.com\/wp-content\/uploads\/2023\/09\/Gaucho-Sur-scaled.jpg","datePublished":"2023-09-19T23:00:37+00:00","dateModified":"2025-08-11T14:52:21+00:00","breadcrumb":{"@id":"https:\/\/pizzornowines.com\/product\/guacho-tannat-malbec\/#breadcrumb"},"inLanguage":"en-US","potentialAction":[{"@type":"ReadAction","target":["https:\/\/pizzornowines.com\/product\/guacho-tannat-malbec\/"]}]},{"@type":"ImageObject","inLanguage":"en-US","@id":"https:\/\/pizzornowines.com\/product\/guacho-tannat-malbec\/#primaryimage","url":"https:\/\/pizzornowines.com\/wp-content\/uploads\/2023\/09\/Gaucho-Sur-scaled.jpg","contentUrl":"https:\/\/pizzornowines.com\/wp-content\/uploads\/2023\/09\/Gaucho-Sur-scaled.jpg","width":762,"height":1920},{"@type":"BreadcrumbList","@id":"https:\/\/pizzornowines.com\/product\/guacho-tannat-malbec\/#breadcrumb","itemListElement":[{"@type":"ListItem","position":1,"name":"Home","item":"https:\/\/pizzornowines.com\/"},{"@type":"ListItem","position":2,"name":"Shop","item":"https:\/\/pizzornowines.com\/?page_id=96"},{"@type":"ListItem","position":3,"name":"GAUCHO SUR Tannat Malbec Roble"}]},{"@type":"WebSite","@id":"https:\/\/pizzornowines.com\/#website","url":"https:\/\/pizzornowines.com\/","name":"Pizzorno Family Estates","description":"Pasi\u00f3n por la tierra y el vino","publisher":{"@id":"https:\/\/pizzornowines.com\/#organization"},"potentialAction":[{"@type":"SearchAction","target":{"@type":"EntryPoint","urlTemplate":"https:\/\/pizzornowines.com\/?s={search_term_string}"},"query-input":{"@type":"PropertyValueSpecification","valueRequired":true,"valueName":"search_term_string"}}],"inLanguage":"en-US"},{"@type":"Organization","@id":"https:\/\/pizzornowines.com\/#organization","name":"Pizzorno Family Estates","url":"https:\/\/pizzornowines.com\/","logo":{"@type":"ImageObject","inLanguage":"en-US","@id":"https:\/\/pizzornowines.com\/#\/schema\/logo\/image\/","url":"https:\/\/pizzornowines.com\/wp-content\/uploads\/Pizzorno-Family-Estate-logo.svg","contentUrl":"https:\/\/pizzornowines.com\/wp-content\/uploads\/Pizzorno-Family-Estate-logo.svg","width":422,"height":283,"caption":"Pizzorno Family Estates"},"image":{"@id":"https:\/\/pizzornowines.com\/#\/schema\/logo\/image\/"},"sameAs":["https:\/\/www.facebook.com\/pizzorno.family.estates"]}]}},"_links":{"self":[{"href":"https:\/\/pizzornowines.com\/en\/wp-json\/wp\/v2\/product\/212","targetHints":{"allow":["GET"]}}],"collection":[{"href":"https:\/\/pizzornowines.com\/en\/wp-json\/wp\/v2\/product"}],"about":[{"href":"https:\/\/pizzornowines.com\/en\/wp-json\/wp\/v2\/types\/product"}],"replies":[{"embeddable":true,"href":"https:\/\/pizzornowines.com\/en\/wp-json\/wp\/v2\/comments?post=212"}],"version-history":[{"count":1,"href":"https:\/\/pizzornowines.com\/en\/wp-json\/wp\/v2\/product\/212\/revisions"}],"predecessor-version":[{"id":3101,"href":"https:\/\/pizzornowines.com\/en\/wp-json\/wp\/v2\/product\/212\/revisions\/3101"}],"wp:featuredmedia":[{"embeddable":true,"href":"https:\/\/pizzornowines.com\/en\/wp-json\/wp\/v2\/media\/213"}],"wp:attachment":[{"href":"https:\/\/pizzornowines.com\/en\/wp-json\/wp\/v2\/media?parent=212"}],"wp:term":[{"taxonomy":"tipo-visita","embeddable":true,"href":"https:\/\/pizzornowines.com\/en\/wp-json\/wp\/v2\/tipo-visita?post=212"},{"taxonomy":"product_brand","embeddable":true,"href":"https:\/\/pizzornowines.com\/en\/wp-json\/wp\/v2\/product_brand?post=212"},{"taxonomy":"product_cat","embeddable":true,"href":"https:\/\/pizzornowines.com\/en\/wp-json\/wp\/v2\/product_cat?post=212"},{"taxonomy":"product_tag","embeddable":true,"href":"https:\/\/pizzornowines.com\/en\/wp-json\/wp\/v2\/product_tag?post=212"}],"curies":[{"name":"wp","href":"https:\/\/api.w.org\/{rel}","templated":true}]}}