{"id":191,"date":"2024-11-18T09:16:29","date_gmt":"2024-11-18T12:16:29","guid":{"rendered":"https:\/\/pizzornowines.com\/producto\/linea-almacen-sauvignon-blanc\/"},"modified":"2024-11-18T09:16:29","modified_gmt":"2024-11-18T12:16:29","slug":"linea-almacen-sauvignon-blanc","status":"publish","type":"product","link":"https:\/\/pizzornowines.com\/en\/product\/linea-almacen-sauvignon-blanc\/","title":{"rendered":"L\u00ednea Almac\u00e9n &#8211; Sauvignon Blanc"},"content":{"rendered":"<p>Elaborado a partir de tres parcelas diferentes con distintos grados de madurez de nuestro vi\u00f1edo en Canel\u00f3n Chico. Contamos con el asesoramiento del en\u00f3logo neozeland\u00e9s Duncan Killiner. Vinificaci\u00f3n de cada una de las parcelas por separado buscando diferentes caracter\u00edsticas en cada uno de ellos, y as\u00ed mantener la consistencia e identidad de nuestro vino blanco m\u00e1s representativo.<\/p>","protected":false},"excerpt":{"rendered":"<p>Elaborado a partir de tres parcelas diferentes con distintos grados de madurez de nuestro vi\u00f1edo en Canel\u00f3n Chico. Contamos con el asesoramiento del en\u00f3logo neozeland\u00e9s Duncan Killiner. Vinificaci\u00f3n de cada una de las parcelas por separado buscando diferentes caracter\u00edsticas en cada uno de ellos, y as\u00ed mantener la consistencia e identidad de nuestro vino blanco [&hellip;]<\/p>\n","protected":false},"featured_media":192,"comment_status":"closed","ping_status":"closed","template":"","meta":{"_acf_changed":false,"_joinchat":[]},"tipo-visita":[],"product_brand":[],"product_cat":[25],"product_tag":[],"class_list":{"0":"post-191","1":"product","2":"type-product","3":"status-publish","4":"has-post-thumbnail","6":"product_cat-almacen","8":"first","9":"instock","10":"shipping-taxable","11":"product-type-simple"},"exclude_global_add_ons":[],"addons":[],"acf":[],"yoast_head":"<!-- This site is optimized with the Yoast SEO plugin v27.4 - https:\/\/yoast.com\/product\/yoast-seo-wordpress\/ -->\n<title>L\u00ednea Almac\u00e9n - Sauvignon Blanc - Pizzorno Family Estates<\/title>\n<meta name=\"robots\" content=\"noindex, follow, max-snippet:-1, max-image-preview:large, max-video-preview:-1\" \/>\n<meta property=\"og:locale\" content=\"en_US\" \/>\n<meta property=\"og:type\" content=\"article\" \/>\n<meta property=\"og:title\" content=\"L\u00ednea Almac\u00e9n - Sauvignon Blanc - Pizzorno Family Estates\" \/>\n<meta property=\"og:description\" content=\"Elaborado a partir de tres parcelas diferentes con distintos grados de madurez de nuestro vi\u00f1edo en Canel\u00f3n Chico. Contamos con el asesoramiento del en\u00f3logo neozeland\u00e9s Duncan Killiner. Vinificaci\u00f3n de cada una de las parcelas por separado buscando diferentes caracter\u00edsticas en cada uno de ellos, y as\u00ed mantener la consistencia e identidad de nuestro vino blanco [&hellip;]\" \/>\n<meta property=\"og:url\" content=\"https:\/\/pizzornowines.com\/en\/product\/linea-almacen-sauvignon-blanc\/\" \/>\n<meta property=\"og:site_name\" content=\"Pizzorno Family Estates\" \/>\n<meta property=\"article:publisher\" content=\"https:\/\/www.facebook.com\/pizzorno.family.estates\" \/>\n<meta property=\"og:image\" content=\"https:\/\/pizzornowines.com\/wp-content\/uploads\/2024\/12\/Sauvignon-Blanc-1.png\" \/>\n\t<meta property=\"og:image:width\" content=\"2302\" \/>\n\t<meta property=\"og:image:height\" content=\"5645\" \/>\n\t<meta property=\"og:image:type\" content=\"image\/png\" \/>\n<meta name=\"twitter:card\" content=\"summary_large_image\" \/>\n<script type=\"application\/ld+json\" class=\"yoast-schema-graph\">{\"@context\":\"https:\\\/\\\/schema.org\",\"@graph\":[{\"@type\":\"WebPage\",\"@id\":\"https:\\\/\\\/pizzornowines.com\\\/product\\\/linea-almacen-sauvignon-blanc\\\/\",\"url\":\"https:\\\/\\\/pizzornowines.com\\\/product\\\/linea-almacen-sauvignon-blanc\\\/\",\"name\":\"L\u00ednea Almac\u00e9n - Sauvignon Blanc - Pizzorno Family Estates\",\"isPartOf\":{\"@id\":\"https:\\\/\\\/pizzornowines.com\\\/#website\"},\"primaryImageOfPage\":{\"@id\":\"https:\\\/\\\/pizzornowines.com\\\/product\\\/linea-almacen-sauvignon-blanc\\\/#primaryimage\"},\"image\":{\"@id\":\"https:\\\/\\\/pizzornowines.com\\\/product\\\/linea-almacen-sauvignon-blanc\\\/#primaryimage\"},\"thumbnailUrl\":\"https:\\\/\\\/pizzornowines.com\\\/wp-content\\\/uploads\\\/2024\\\/12\\\/Sauvignon-Blanc-1.png\",\"datePublished\":\"2024-11-18T12:16:29+00:00\",\"breadcrumb\":{\"@id\":\"https:\\\/\\\/pizzornowines.com\\\/product\\\/linea-almacen-sauvignon-blanc\\\/#breadcrumb\"},\"inLanguage\":\"en-US\",\"potentialAction\":[{\"@type\":\"ReadAction\",\"target\":[\"https:\\\/\\\/pizzornowines.com\\\/product\\\/linea-almacen-sauvignon-blanc\\\/\"]}]},{\"@type\":\"ImageObject\",\"inLanguage\":\"en-US\",\"@id\":\"https:\\\/\\\/pizzornowines.com\\\/product\\\/linea-almacen-sauvignon-blanc\\\/#primaryimage\",\"url\":\"https:\\\/\\\/pizzornowines.com\\\/wp-content\\\/uploads\\\/2024\\\/12\\\/Sauvignon-Blanc-1.png\",\"contentUrl\":\"https:\\\/\\\/pizzornowines.com\\\/wp-content\\\/uploads\\\/2024\\\/12\\\/Sauvignon-Blanc-1.png\",\"width\":2302,\"height\":5645},{\"@type\":\"BreadcrumbList\",\"@id\":\"https:\\\/\\\/pizzornowines.com\\\/product\\\/linea-almacen-sauvignon-blanc\\\/#breadcrumb\",\"itemListElement\":[{\"@type\":\"ListItem\",\"position\":1,\"name\":\"Home\",\"item\":\"https:\\\/\\\/pizzornowines.com\\\/\"},{\"@type\":\"ListItem\",\"position\":2,\"name\":\"Shop\",\"item\":\"https:\\\/\\\/pizzornowines.com\\\/?page_id=96\"},{\"@type\":\"ListItem\",\"position\":3,\"name\":\"L\u00ednea Almac\u00e9n &#8211; Sauvignon Blanc\"}]},{\"@type\":\"WebSite\",\"@id\":\"https:\\\/\\\/pizzornowines.com\\\/#website\",\"url\":\"https:\\\/\\\/pizzornowines.com\\\/\",\"name\":\"Pizzorno Family Estates\",\"description\":\"Pasi\u00f3n por la tierra y el vino\",\"publisher\":{\"@id\":\"https:\\\/\\\/pizzornowines.com\\\/#organization\"},\"potentialAction\":[{\"@type\":\"SearchAction\",\"target\":{\"@type\":\"EntryPoint\",\"urlTemplate\":\"https:\\\/\\\/pizzornowines.com\\\/?s={search_term_string}\"},\"query-input\":{\"@type\":\"PropertyValueSpecification\",\"valueRequired\":true,\"valueName\":\"search_term_string\"}}],\"inLanguage\":\"en-US\"},{\"@type\":\"Organization\",\"@id\":\"https:\\\/\\\/pizzornowines.com\\\/#organization\",\"name\":\"Pizzorno Family Estates\",\"url\":\"https:\\\/\\\/pizzornowines.com\\\/\",\"logo\":{\"@type\":\"ImageObject\",\"inLanguage\":\"en-US\",\"@id\":\"https:\\\/\\\/pizzornowines.com\\\/#\\\/schema\\\/logo\\\/image\\\/\",\"url\":\"https:\\\/\\\/pizzornowines.com\\\/wp-content\\\/uploads\\\/Pizzorno-Family-Estate-logo.svg\",\"contentUrl\":\"https:\\\/\\\/pizzornowines.com\\\/wp-content\\\/uploads\\\/Pizzorno-Family-Estate-logo.svg\",\"width\":422,\"height\":283,\"caption\":\"Pizzorno Family Estates\"},\"image\":{\"@id\":\"https:\\\/\\\/pizzornowines.com\\\/#\\\/schema\\\/logo\\\/image\\\/\"},\"sameAs\":[\"https:\\\/\\\/www.facebook.com\\\/pizzorno.family.estates\"]}]}<\/script>\n<!-- \/ Yoast SEO plugin. -->","yoast_head_json":{"title":"L\u00ednea Almac\u00e9n - Sauvignon Blanc - Pizzorno Family Estates","robots":{"index":"noindex","follow":"follow","max-snippet":"max-snippet:-1","max-image-preview":"max-image-preview:large","max-video-preview":"max-video-preview:-1"},"og_locale":"en_US","og_type":"article","og_title":"L\u00ednea Almac\u00e9n - Sauvignon Blanc - Pizzorno Family Estates","og_description":"Elaborado a partir de tres parcelas diferentes con distintos grados de madurez de nuestro vi\u00f1edo en Canel\u00f3n Chico. Contamos con el asesoramiento del en\u00f3logo neozeland\u00e9s Duncan Killiner. Vinificaci\u00f3n de cada una de las parcelas por separado buscando diferentes caracter\u00edsticas en cada uno de ellos, y as\u00ed mantener la consistencia e identidad de nuestro vino blanco [&hellip;]","og_url":"https:\/\/pizzornowines.com\/en\/product\/linea-almacen-sauvignon-blanc\/","og_site_name":"Pizzorno Family Estates","article_publisher":"https:\/\/www.facebook.com\/pizzorno.family.estates","og_image":[{"url":"https:\/\/pizzornowines.com\/wp-content\/uploads\/2024\/12\/Sauvignon-Blanc-1.png","width":2302,"height":5645,"type":"image\/png"}],"twitter_card":"summary_large_image","schema":{"@context":"https:\/\/schema.org","@graph":[{"@type":"WebPage","@id":"https:\/\/pizzornowines.com\/product\/linea-almacen-sauvignon-blanc\/","url":"https:\/\/pizzornowines.com\/product\/linea-almacen-sauvignon-blanc\/","name":"L\u00ednea Almac\u00e9n - Sauvignon Blanc - Pizzorno Family Estates","isPartOf":{"@id":"https:\/\/pizzornowines.com\/#website"},"primaryImageOfPage":{"@id":"https:\/\/pizzornowines.com\/product\/linea-almacen-sauvignon-blanc\/#primaryimage"},"image":{"@id":"https:\/\/pizzornowines.com\/product\/linea-almacen-sauvignon-blanc\/#primaryimage"},"thumbnailUrl":"https:\/\/pizzornowines.com\/wp-content\/uploads\/2024\/12\/Sauvignon-Blanc-1.png","datePublished":"2024-11-18T12:16:29+00:00","breadcrumb":{"@id":"https:\/\/pizzornowines.com\/product\/linea-almacen-sauvignon-blanc\/#breadcrumb"},"inLanguage":"en-US","potentialAction":[{"@type":"ReadAction","target":["https:\/\/pizzornowines.com\/product\/linea-almacen-sauvignon-blanc\/"]}]},{"@type":"ImageObject","inLanguage":"en-US","@id":"https:\/\/pizzornowines.com\/product\/linea-almacen-sauvignon-blanc\/#primaryimage","url":"https:\/\/pizzornowines.com\/wp-content\/uploads\/2024\/12\/Sauvignon-Blanc-1.png","contentUrl":"https:\/\/pizzornowines.com\/wp-content\/uploads\/2024\/12\/Sauvignon-Blanc-1.png","width":2302,"height":5645},{"@type":"BreadcrumbList","@id":"https:\/\/pizzornowines.com\/product\/linea-almacen-sauvignon-blanc\/#breadcrumb","itemListElement":[{"@type":"ListItem","position":1,"name":"Home","item":"https:\/\/pizzornowines.com\/"},{"@type":"ListItem","position":2,"name":"Shop","item":"https:\/\/pizzornowines.com\/?page_id=96"},{"@type":"ListItem","position":3,"name":"L\u00ednea Almac\u00e9n &#8211; Sauvignon Blanc"}]},{"@type":"WebSite","@id":"https:\/\/pizzornowines.com\/#website","url":"https:\/\/pizzornowines.com\/","name":"Pizzorno Family Estates","description":"Pasi\u00f3n por la tierra y el vino","publisher":{"@id":"https:\/\/pizzornowines.com\/#organization"},"potentialAction":[{"@type":"SearchAction","target":{"@type":"EntryPoint","urlTemplate":"https:\/\/pizzornowines.com\/?s={search_term_string}"},"query-input":{"@type":"PropertyValueSpecification","valueRequired":true,"valueName":"search_term_string"}}],"inLanguage":"en-US"},{"@type":"Organization","@id":"https:\/\/pizzornowines.com\/#organization","name":"Pizzorno Family Estates","url":"https:\/\/pizzornowines.com\/","logo":{"@type":"ImageObject","inLanguage":"en-US","@id":"https:\/\/pizzornowines.com\/#\/schema\/logo\/image\/","url":"https:\/\/pizzornowines.com\/wp-content\/uploads\/Pizzorno-Family-Estate-logo.svg","contentUrl":"https:\/\/pizzornowines.com\/wp-content\/uploads\/Pizzorno-Family-Estate-logo.svg","width":422,"height":283,"caption":"Pizzorno Family Estates"},"image":{"@id":"https:\/\/pizzornowines.com\/#\/schema\/logo\/image\/"},"sameAs":["https:\/\/www.facebook.com\/pizzorno.family.estates"]}]}},"_links":{"self":[{"href":"https:\/\/pizzornowines.com\/en\/wp-json\/wp\/v2\/product\/191","targetHints":{"allow":["GET"]}}],"collection":[{"href":"https:\/\/pizzornowines.com\/en\/wp-json\/wp\/v2\/product"}],"about":[{"href":"https:\/\/pizzornowines.com\/en\/wp-json\/wp\/v2\/types\/product"}],"replies":[{"embeddable":true,"href":"https:\/\/pizzornowines.com\/en\/wp-json\/wp\/v2\/comments?post=191"}],"version-history":[{"count":0,"href":"https:\/\/pizzornowines.com\/en\/wp-json\/wp\/v2\/product\/191\/revisions"}],"wp:featuredmedia":[{"embeddable":true,"href":"https:\/\/pizzornowines.com\/en\/wp-json\/wp\/v2\/media\/192"}],"wp:attachment":[{"href":"https:\/\/pizzornowines.com\/en\/wp-json\/wp\/v2\/media?parent=191"}],"wp:term":[{"taxonomy":"tipo-visita","embeddable":true,"href":"https:\/\/pizzornowines.com\/en\/wp-json\/wp\/v2\/tipo-visita?post=191"},{"taxonomy":"product_brand","embeddable":true,"href":"https:\/\/pizzornowines.com\/en\/wp-json\/wp\/v2\/product_brand?post=191"},{"taxonomy":"product_cat","embeddable":true,"href":"https:\/\/pizzornowines.com\/en\/wp-json\/wp\/v2\/product_cat?post=191"},{"taxonomy":"product_tag","embeddable":true,"href":"https:\/\/pizzornowines.com\/en\/wp-json\/wp\/v2\/product_tag?post=191"}],"curies":[{"name":"wp","href":"https:\/\/api.w.org\/{rel}","templated":true}]}}